{"id":21,"date":"2024-08-13T12:48:50","date_gmt":"2024-08-13T12:48:50","guid":{"rendered":"https:\/\/mpkbudownictwo.pl\/?page_id=21"},"modified":"2024-09-04T16:50:33","modified_gmt":"2024-09-04T16:50:33","slug":"kontakt","status":"publish","type":"page","link":"https:\/\/mpkbudownictwo.pl\/index.php\/kontakt\/","title":{"rendered":"Kontakt"},"content":{"rendered":"\n<div class=\"wp-block-columns is-layout-flex wp-container-core-columns-is-layout-9d6595d7 wp-block-columns-is-layout-flex\">\n<div class=\"wp-block-column is-layout-flow wp-block-column-is-layout-flow\">\n<html>\n<head>\n  <style>\n    .phone-number {\n      cursor: pointer;\n    }\n  <\/style>\n<\/head>\n<body>\n  <h3>MPK Budownictwo Sp. z o.o.<\/h3>\n  ul. Falencka 11A, 05-090 Falenty Nowe\n<br>\n<br>\n  tel:\n<br>\n  <span class=\"phone-number\" data-full=\"508 437 641\">508 *** ***<\/span>\n<br>\n  <span class=\"phone-number\" data-full=\"793 060 040\">793 *** ***<\/span>\n<br>\n  <span class=\"phone-number\" data-full=\"601 800 470\">601 *** ***<\/span>\n<br>\n<br>\n  <a href=\"mailto:biuro@mpkbudownictwo.pl\">biuro@mpkbudownictwo.pl<\/a>\n<br>\n<br>\n     NIP: 959 197 69 08<br>\n     REGON: 365 359 965<br>\n     KRS: 0000 636 293<br>\n     BDO: 000350812\n\n  <script>\n    const phoneNumbers = document.querySelectorAll('.phone-number');\n\n    phoneNumbers.forEach(phoneNumber => {\n      phoneNumber.addEventListener('mouseenter', () => {\n        phoneNumber.textContent = phoneNumber.dataset.full;\n      });\n\n      phoneNumber.addEventListener('mouseleave', () => {\n        const fullNumber = phoneNumber.dataset.full;\n        phoneNumber.textContent = `${fullNumber.slice(0, 3)} *** ***`;\n      });\n    });\n  <\/script>\n<\/body>\n<\/html>\n<\/div>\n\n\n\n<div class=\"wp-block-column is-layout-flow wp-block-column-is-layout-flow\"><\/div>\n\n\n\n<div class=\"wp-block-column is-layout-flow wp-block-column-is-layout-flow\">\n<div class=\"wp-block-contact-form-7-contact-form-selector\">\n<div class=\"wpcf7 no-js\" id=\"wpcf7-f48-o1\" lang=\"pl-PL\" dir=\"ltr\" data-wpcf7-id=\"48\">\n<div class=\"screen-reader-response\"><p role=\"status\" aria-live=\"polite\" aria-atomic=\"true\"><\/p> <ul><\/ul><\/div>\n<form action=\"\/index.php\/wp-json\/wp\/v2\/pages\/21#wpcf7-f48-o1\" method=\"post\" class=\"wpcf7-form init\" aria-label=\"Formularz kontaktowy\" novalidate=\"novalidate\" data-status=\"init\">\n<fieldset class=\"hidden-fields-container\"><input type=\"hidden\" name=\"_wpcf7\" value=\"48\" \/><input type=\"hidden\" name=\"_wpcf7_version\" value=\"6.1.5\" \/><input type=\"hidden\" name=\"_wpcf7_locale\" value=\"pl_PL\" \/><input type=\"hidden\" name=\"_wpcf7_unit_tag\" value=\"wpcf7-f48-o1\" \/><input type=\"hidden\" name=\"_wpcf7_container_post\" value=\"0\" \/><input type=\"hidden\" name=\"_wpcf7_posted_data_hash\" value=\"\" \/><input type=\"hidden\" name=\"_wpcf7_recaptcha_response\" value=\"\" \/>\n<\/fieldset>\n<p><label> Imi\u0119<br \/>\n<span class=\"wpcf7-form-control-wrap\" data-name=\"your-name\"><input size=\"40\" maxlength=\"400\" class=\"wpcf7-form-control wpcf7-text wpcf7-validates-as-required\" autocomplete=\"name\" aria-required=\"true\" aria-invalid=\"false\" value=\"\" type=\"text\" name=\"your-name\" \/><\/span> <\/label>\n<\/p>\n<p><label> Adres email<br \/>\n<span class=\"wpcf7-form-control-wrap\" data-name=\"your-email\"><input size=\"40\" maxlength=\"400\" class=\"wpcf7-form-control wpcf7-email wpcf7-validates-as-required wpcf7-text wpcf7-validates-as-email\" autocomplete=\"email\" aria-required=\"true\" aria-invalid=\"false\" value=\"\" type=\"email\" name=\"your-email\" \/><\/span> <\/label>\n<\/p>\n<p><label> Temat<br \/>\n<span class=\"wpcf7-form-control-wrap\" data-name=\"your-subject\"><input size=\"40\" maxlength=\"400\" class=\"wpcf7-form-control wpcf7-text wpcf7-validates-as-required\" aria-required=\"true\" aria-invalid=\"false\" value=\"\" type=\"text\" name=\"your-subject\" \/><\/span> <\/label>\n<\/p>\n<p><label> Tre\u015b\u0107 wiadomo\u015bci<br \/>\n<span class=\"wpcf7-form-control-wrap\" data-name=\"your-message\"><textarea cols=\"40\" rows=\"10\" maxlength=\"2000\" class=\"wpcf7-form-control wpcf7-textarea\" aria-invalid=\"false\" name=\"your-message\"><\/textarea><\/span> <\/label>\n<\/p>\n<p><input class=\"wpcf7-form-control wpcf7-submit has-spinner\" type=\"submit\" value=\"Wy\u015blij\" \/>\n<\/p><div class=\"wpcf7-response-output\" aria-hidden=\"true\"><\/div>\n<\/form>\n<\/div>\n<\/div>\n<\/div>\n<\/div>\n\n\n\n<iframe src=\"https:\/\/www.google.com\/maps\/embed?pb=!1m18!1m12!1m3!1d2449.198714309711!2d20.9273675!3d52.1307067!2m3!1f0!2f0!3f0!3m2!1i1024!2i768!4f13.1!3m3!1m2!1s0x47193370e9da8283%3A0xfdbad43615e0f2b4!2sMPK%20Budownictwo%20Sp.%20z%20o.o.!5e0!3m2!1spl!2spl!4v1724178117794!5m2!1spl!2spl\" width=\"1400\" height=\"500\" style=\"border:0;\" allowfullscreen=\"\" loading=\"lazy\" referrerpolicy=\"no-referrer-when-downgrade\"><\/iframe>\n\n\n\n<p><\/p>\n","protected":false},"excerpt":{"rendered":"<p>MPK Budownictwo Sp. z o.o. ul. Falencka 11A, 05-090 Falenty Nowe tel: 508 *** *** 793 *** *** 601 *** *** biuro@mpkbudownictwo.pl NIP: 959 197 69 08 REGON: 365 359 965 KRS: 0000 636 293 BDO: 000350812<\/p>\n","protected":false},"author":1,"featured_media":0,"parent":0,"menu_order":0,"comment_status":"closed","ping_status":"closed","template":"","meta":{"footnotes":""},"class_list":["post-21","page","type-page","status-publish","hentry"],"_links":{"self":[{"href":"https:\/\/mpkbudownictwo.pl\/index.php\/wp-json\/wp\/v2\/pages\/21","targetHints":{"allow":["GET"]}}],"collection":[{"href":"https:\/\/mpkbudownictwo.pl\/index.php\/wp-json\/wp\/v2\/pages"}],"about":[{"href":"https:\/\/mpkbudownictwo.pl\/index.php\/wp-json\/wp\/v2\/types\/page"}],"author":[{"embeddable":true,"href":"https:\/\/mpkbudownictwo.pl\/index.php\/wp-json\/wp\/v2\/users\/1"}],"replies":[{"embeddable":true,"href":"https:\/\/mpkbudownictwo.pl\/index.php\/wp-json\/wp\/v2\/comments?post=21"}],"version-history":[{"count":21,"href":"https:\/\/mpkbudownictwo.pl\/index.php\/wp-json\/wp\/v2\/pages\/21\/revisions"}],"predecessor-version":[{"id":208,"href":"https:\/\/mpkbudownictwo.pl\/index.php\/wp-json\/wp\/v2\/pages\/21\/revisions\/208"}],"wp:attachment":[{"href":"https:\/\/mpkbudownictwo.pl\/index.php\/wp-json\/wp\/v2\/media?parent=21"}],"curies":[{"name":"wp","href":"https:\/\/api.w.org\/{rel}","templated":true}]}}