{"id":186,"date":"2024-09-02T16:09:14","date_gmt":"2024-09-02T16:09:14","guid":{"rendered":"https:\/\/mpkbudownictwo.pl\/?page_id=186"},"modified":"2024-10-18T04:54:11","modified_gmt":"2024-10-18T04:54:11","slug":"186-2","status":"publish","type":"page","link":"https:\/\/mpkbudownictwo.pl\/","title":{"rendered":""},"content":{"rendered":"\n<img decoding=\"async\" src=\"https:\/\/mpkbudownictwo.pl\/wp-content\/uploads\/2024\/08\/home-scaled.jpg\">\n\n\n\n<p><\/p>\n\n\n\n<br><p class=\"has-large-font-size\"><strong>M<\/strong>\u0142odzi&nbsp;<strong>P<\/strong>i\u0119kni&nbsp;<strong>K<\/strong>reatywni<\/p>\n\n\n\n<html>\n<head>\n        <style>\n        body {\n            text-align: justify; \n            margin: 20px;\n        }\n    <\/style>\n<\/head>\n<body>\n<br>\n    <p>\n        Dzia\u0142amy w charakterze generalnego wykonawcy oraz podwykonawstwa g\u0142\u00f3wnie na rynku warszawskim oraz na terenie ca\u0142ego kraju. Nasze us\u0142ugi budowlane obejmuj\u0105 pe\u0142ny zakres rob\u00f3t, ale specjalizujemy si\u0119 w remontach budynk\u00f3w u\u017cyteczno\u015bci publicznej r\u00f3wnie\u017c zabytkowych. \n<br>\n<br>\nW swojej dzia\u0142alno\u015bci opieramy si\u0119 na najlepszych wzorcach polskiej sztuki in\u017cynierskiej, skupiaj\u0105c w swoich szeregach do\u015bwiadczonych pracownik\u00f3w o wysokich kwalifikacjach. Nabyte do\u015bwiadczenia, praktyka, wiedza i wysokie kwalifikacje pracownik\u00f3w lokuj\u0105 sp\u00f3\u0142k\u0119 w\u015br\u00f3d firm spe\u0142niaj\u0105cych oczekiwania najbardziej wymagaj\u0105cych inwestor\u00f3w.\n<br>\n<br>\n<br>W przypadku pyta\u0144 zach\u0119camy do kontaktu bezpo\u015bredniego lub pozostawienia wiadomo\u015bci e-mail.\n    <\/p>\n\n<\/body>\n<\/html>\n\n\n\n<p><\/p>\n","protected":false},"excerpt":{"rendered":"<p>M\u0142odzi&nbsp;Pi\u0119kni&nbsp;Kreatywni Dzia\u0142amy w charakterze generalnego wykonawcy oraz podwykonawstwa g\u0142\u00f3wnie na rynku warszawskim oraz na terenie ca\u0142ego kraju. Nasze us\u0142ugi budowlane obejmuj\u0105 pe\u0142ny zakres rob\u00f3t, ale specjalizujemy si\u0119 w remontach budynk\u00f3w u\u017cyteczno\u015bci publicznej r\u00f3wnie\u017c zabytkowych. W swojej dzia\u0142alno\u015bci opieramy si\u0119 na najlepszych wzorcach polskiej sztuki in\u017cynierskiej, skupiaj\u0105c w swoich szeregach do\u015bwiadczonych pracownik\u00f3w o wysokich kwalifikacjach. Nabyte<\/p>\n","protected":false},"author":1,"featured_media":0,"parent":0,"menu_order":0,"comment_status":"closed","ping_status":"closed","template":"","meta":{"footnotes":""},"class_list":["post-186","page","type-page","status-publish","hentry"],"_links":{"self":[{"href":"https:\/\/mpkbudownictwo.pl\/index.php\/wp-json\/wp\/v2\/pages\/186","targetHints":{"allow":["GET"]}}],"collection":[{"href":"https:\/\/mpkbudownictwo.pl\/index.php\/wp-json\/wp\/v2\/pages"}],"about":[{"href":"https:\/\/mpkbudownictwo.pl\/index.php\/wp-json\/wp\/v2\/types\/page"}],"author":[{"embeddable":true,"href":"https:\/\/mpkbudownictwo.pl\/index.php\/wp-json\/wp\/v2\/users\/1"}],"replies":[{"embeddable":true,"href":"https:\/\/mpkbudownictwo.pl\/index.php\/wp-json\/wp\/v2\/comments?post=186"}],"version-history":[{"count":14,"href":"https:\/\/mpkbudownictwo.pl\/index.php\/wp-json\/wp\/v2\/pages\/186\/revisions"}],"predecessor-version":[{"id":241,"href":"https:\/\/mpkbudownictwo.pl\/index.php\/wp-json\/wp\/v2\/pages\/186\/revisions\/241"}],"wp:attachment":[{"href":"https:\/\/mpkbudownictwo.pl\/index.php\/wp-json\/wp\/v2\/media?parent=186"}],"curies":[{"name":"wp","href":"https:\/\/api.w.org\/{rel}","templated":true}]}}